{"id":68,"date":"2016-02-19T18:25:38","date_gmt":"2016-02-19T17:25:38","guid":{"rendered":"http:\/\/www.sankt-josef-es.de\/wpstes\/?page_id=68"},"modified":"2025-06-19T20:57:00","modified_gmt":"2025-06-19T18:57:00","slug":"downloads-formulare","status":"publish","type":"page","link":"https:\/\/www.sankt-josef-es.de\/wpstes\/service\/downloads-formulare\/","title":{"rendered":"Downloads \/ Formulare"},"content":{"rendered":"<h2>Formulare<\/h2>\n<ul class=\"dlm-downloads\"><li><a class=\"download-link\" title=\"\" href=\"https:\/\/www.sankt-josef-es.de\/wpstes\/download\/655\/?tmstv=1776600760\" rel=\"nofollow\">\n\tAnmeldung zur Taufe<\/a>\n<small><\/small>\n<\/li><\/ul>\n\t\t\t\t\n<h2>Raumvermietung im Gemeindehaus<\/h2>\n<p><span style=\"font-size: 14px;\">Sie m\u00f6chten gerne einen Raum im Gemeindehaus mieten? Dann sind folgende Formulare f\u00fcr Sie interessant:<\/span><\/p>\n<ul class=\"dlm-downloads\"><li><a class=\"download-link\" title=\"\" href=\"https:\/\/www.sankt-josef-es.de\/wpstes\/download\/489\/?tmstv=1776600760\" rel=\"nofollow\">\n\tGeb\u00fchrenordnung f\u00fcr das Gemeindehaus<\/a>\n<small><\/small>\n<\/li><li><a class=\"download-link\" title=\"\" href=\"https:\/\/www.sankt-josef-es.de\/wpstes\/download\/486\/?tmstv=1776600760\" rel=\"nofollow\">\n\tBenutzungsordnung des Gemeindehauses<\/a>\n<small><\/small>\n<\/li><\/ul>\n\t\t\t\t\n<h2>Brosch\u00fcren, Flyer<\/h2>\n<ul class=\"dlm-downloads\"><li><a class=\"download-link\" title=\"\" href=\"https:\/\/www.sankt-josef-es.de\/wpstes\/download\/823\/?tmstv=1776600760\" rel=\"nofollow\">\n\tBrosch\u00fcre Lichtraum<\/a>\n<small><p>Inspirationen zu unseren beiden gro\u00dfen Kirchenfenstern von Mitgliedern unserer Gemeinde.<\/p>\n<\/small>\n<\/li><\/ul>\n\t\t\t\t\n<h2>Begleitheft zu unseren Osterkerzen<\/h2>\n<ul class=\"dlm-downloads\">\n<li>Zu den Begleitheften unserer Osterkerzen <a href=\"https:\/\/www.sankt-josef-es.de\/wpstes\/osterkerze\/\"><strong><em><span style=\"text-decoration: underline;\">hier<\/span><\/em><\/strong><\/a> klicken<\/li>\n<\/ul>\n","protected":false},"excerpt":{"rendered":"<p>Formulare Raumvermietung im Gemeindehaus Sie m\u00f6chten gerne einen Raum im Gemeindehaus mieten? Dann sind folgende Formulare f\u00fcr Sie interessant: Brosch\u00fcren, Flyer Begleitheft zu unseren Osterkerzen Zu den Begleitheften unserer Osterkerzen hier klicken<\/p>\n","protected":false},"author":1,"featured_media":0,"parent":840,"menu_order":1,"comment_status":"closed","ping_status":"closed","template":"","meta":{"_acf_changed":false,"footnotes":""},"class_list":["post-68","page","type-page","status-publish","hentry"],"acf":[],"publishpress_future_action":{"enabled":false,"date":"2026-04-26 14:12:40","action":"change-status","newStatus":"draft","terms":[],"taxonomy":"","extraData":[]},"publishpress_future_workflow_manual_trigger":{"enabledWorkflows":[]},"_links":{"self":[{"href":"https:\/\/www.sankt-josef-es.de\/wpstes\/wp-json\/wp\/v2\/pages\/68","targetHints":{"allow":["GET"]}}],"collection":[{"href":"https:\/\/www.sankt-josef-es.de\/wpstes\/wp-json\/wp\/v2\/pages"}],"about":[{"href":"https:\/\/www.sankt-josef-es.de\/wpstes\/wp-json\/wp\/v2\/types\/page"}],"author":[{"embeddable":true,"href":"https:\/\/www.sankt-josef-es.de\/wpstes\/wp-json\/wp\/v2\/users\/1"}],"replies":[{"embeddable":true,"href":"https:\/\/www.sankt-josef-es.de\/wpstes\/wp-json\/wp\/v2\/comments?post=68"}],"version-history":[{"count":27,"href":"https:\/\/www.sankt-josef-es.de\/wpstes\/wp-json\/wp\/v2\/pages\/68\/revisions"}],"predecessor-version":[{"id":11614,"href":"https:\/\/www.sankt-josef-es.de\/wpstes\/wp-json\/wp\/v2\/pages\/68\/revisions\/11614"}],"up":[{"embeddable":true,"href":"https:\/\/www.sankt-josef-es.de\/wpstes\/wp-json\/wp\/v2\/pages\/840"}],"wp:attachment":[{"href":"https:\/\/www.sankt-josef-es.de\/wpstes\/wp-json\/wp\/v2\/media?parent=68"}],"curies":[{"name":"wp","href":"https:\/\/api.w.org\/{rel}","templated":true}]}}