{"id":472,"date":"2016-10-02T18:52:21","date_gmt":"2016-10-02T16:52:21","guid":{"rendered":"http:\/\/www.sankt-josef-es.de\/wpstes\/?page_id=472"},"modified":"2026-04-12T18:08:38","modified_gmt":"2026-04-12T16:08:38","slug":"krankenkommunion","status":"publish","type":"page","link":"https:\/\/www.sankt-josef-es.de\/wpstes\/seelsorge\/krankenkommunion\/","title":{"rendered":"Krankenkommunion"},"content":{"rendered":"<p><img decoding=\"async\" style=\"margin-right: 10px; float: left; width: 150px; height: 225px;\" src=\"https:\/\/www.sankt-josef-es.de\/wpstes\/wp-content\/uploads\/Bilder_aktGe\/Krankenkommunion.jpg\" alt=\"\" \/>Ein Seelsorger kommt mit der Krankenkommunion zu den Gemeindemitgliedern, die den Gottesdienst nicht mehr besuchen k\u00f6nnen.<\/p>\n<p>Wenn ein Besuch gew\u00fcnscht ist, btte im Pfarrb\u00fcro melden.<\/p>\n","protected":false},"excerpt":{"rendered":"<p>Ein Seelsorger kommt mit der Krankenkommunion zu den Gemeindemitgliedern, die den Gottesdienst nicht mehr besuchen k\u00f6nnen. Wenn ein Besuch gew\u00fcnscht ist, btte im Pfarrb\u00fcro melden.<\/p>\n","protected":false},"author":2,"featured_media":0,"parent":193,"menu_order":1,"comment_status":"closed","ping_status":"closed","template":"","meta":{"_acf_changed":false,"footnotes":""},"class_list":["post-472","page","type-page","status-publish","hentry"],"acf":[],"publishpress_future_action":{"enabled":false,"date":"2026-04-26 15:16:06","action":"change-status","newStatus":"draft","terms":[],"taxonomy":"","extraData":[]},"publishpress_future_workflow_manual_trigger":{"enabledWorkflows":[]},"_links":{"self":[{"href":"https:\/\/www.sankt-josef-es.de\/wpstes\/wp-json\/wp\/v2\/pages\/472","targetHints":{"allow":["GET"]}}],"collection":[{"href":"https:\/\/www.sankt-josef-es.de\/wpstes\/wp-json\/wp\/v2\/pages"}],"about":[{"href":"https:\/\/www.sankt-josef-es.de\/wpstes\/wp-json\/wp\/v2\/types\/page"}],"author":[{"embeddable":true,"href":"https:\/\/www.sankt-josef-es.de\/wpstes\/wp-json\/wp\/v2\/users\/2"}],"replies":[{"embeddable":true,"href":"https:\/\/www.sankt-josef-es.de\/wpstes\/wp-json\/wp\/v2\/comments?post=472"}],"version-history":[{"count":4,"href":"https:\/\/www.sankt-josef-es.de\/wpstes\/wp-json\/wp\/v2\/pages\/472\/revisions"}],"predecessor-version":[{"id":13197,"href":"https:\/\/www.sankt-josef-es.de\/wpstes\/wp-json\/wp\/v2\/pages\/472\/revisions\/13197"}],"up":[{"embeddable":true,"href":"https:\/\/www.sankt-josef-es.de\/wpstes\/wp-json\/wp\/v2\/pages\/193"}],"wp:attachment":[{"href":"https:\/\/www.sankt-josef-es.de\/wpstes\/wp-json\/wp\/v2\/media?parent=472"}],"curies":[{"name":"wp","href":"https:\/\/api.w.org\/{rel}","templated":true}]}}