{"id":401,"date":"2016-10-02T12:22:20","date_gmt":"2016-10-02T10:22:20","guid":{"rendered":"http:\/\/www.sankt-josef-es.de\/wpstes\/?page_id=401"},"modified":"2026-03-09T20:17:13","modified_gmt":"2026-03-09T19:17:13","slug":"liturgieausschuss","status":"publish","type":"page","link":"https:\/\/www.sankt-josef-es.de\/wpstes\/aktive-gemeinde\/gottesdienstgestaltung\/liturgieausschuss\/","title":{"rendered":"Liturgieausschuss"},"content":{"rendered":"<p>Der Liturgieausschuss ist ein Sachausschuss des Kirchengemeinderates. Hier wird alles Wichtige rund um die Gottesdienste besprochen und kreiert.<\/p>\n<p>Entsprechend dem Liturgiebegriff des zweiten Vatikanischen Konzils ist die ganze Gemeinde Tr\u00e4gerin der Liturgie. Das findet seinen Ausdruck in den unterschiedlichen Diensten und Zust\u00e4ndigkeiten jener Personen, die hauptamtlich oder ehrenamtlich in der Liturgiefeier und in den vielf\u00e4ltigsten Gottesdiensten t\u00e4tig werden.<\/p>\n<p>Der Liturgieausschuss<\/p>\n<ul>\n<li>plant Termine und Vorbereitungen besonderer Gottesdienste und koordiniert die T\u00e4tigkeiten der f\u00fcr die Gottesdienste Verantwortlichen.<\/li>\n<li>sorgt sich um eine lebendige Feier der vielf\u00e4ltigen Gottesdienste. Dabei werden auch neue Wege gesucht, die Gottesdienste lebendig und ansprechend zu gestalten.<\/li>\n<\/ul>\n<p style=\"text-align: center;\"><img decoding=\"async\" style=\"width: 500px; height: 232px;\" src=\"https:\/\/www.sankt-josef-es.de\/wpstes\/wp-content\/uploads\/Bilder_aktGe\/Liturgieausschuss.jpg\" alt=\"\" \/><\/p>\n<p>Neben dem Pfarrer geh\u00f6ren dem Liturgieausschuss, der ca. viermal pro Jahr tagt, jeweils ehrenamtliche Personen an, die gerne ihre Ideen einbringen und durchf\u00fchren.<\/p>\n<p>Herzlich Willkommen!<\/p>\n<p>Kontakt zu den Ansprechpartnern bekommen Sie \u00fcber das Pfarrb\u00fcro.<\/p>\n<p><strong>N\u00e4chste Treffen:<\/strong><\/p>\n<div id=\"vsel\" class=\"vsel-shortcode vsel-shortcode-upcoming-events\"><p class=\"vsel-no-events\">Keine Veranstaltungen gefunden.<\/p><\/div>\n","protected":false},"excerpt":{"rendered":"<p>Der Liturgieausschuss ist ein Sachausschuss des Kirchengemeinderates. Hier wird alles Wichtige rund um die Gottesdienste besprochen und kreiert. Entsprechend dem Liturgiebegriff des zweiten Vatikanischen Konzils ist die ganze Gemeinde Tr\u00e4gerin der Liturgie. Das findet seinen Ausdruck in den unterschiedlichen Diensten<\/p>\n","protected":false},"author":2,"featured_media":0,"parent":20,"menu_order":0,"comment_status":"closed","ping_status":"closed","template":"","meta":{"_acf_changed":false,"iawp_total_views":0,"footnotes":""},"class_list":["post-401","page","type-page","status-publish","hentry"],"acf":[],"publishpress_future_action":{"enabled":false,"date":"2026-05-11 13:45:16","action":"change-status","newStatus":"draft","terms":[],"taxonomy":"","extraData":[]},"publishpress_future_workflow_manual_trigger":{"enabledWorkflows":[]},"_links":{"self":[{"href":"https:\/\/www.sankt-josef-es.de\/wpstes\/wp-json\/wp\/v2\/pages\/401","targetHints":{"allow":["GET"]}}],"collection":[{"href":"https:\/\/www.sankt-josef-es.de\/wpstes\/wp-json\/wp\/v2\/pages"}],"about":[{"href":"https:\/\/www.sankt-josef-es.de\/wpstes\/wp-json\/wp\/v2\/types\/page"}],"author":[{"embeddable":true,"href":"https:\/\/www.sankt-josef-es.de\/wpstes\/wp-json\/wp\/v2\/users\/2"}],"replies":[{"embeddable":true,"href":"https:\/\/www.sankt-josef-es.de\/wpstes\/wp-json\/wp\/v2\/comments?post=401"}],"version-history":[{"count":5,"href":"https:\/\/www.sankt-josef-es.de\/wpstes\/wp-json\/wp\/v2\/pages\/401\/revisions"}],"predecessor-version":[{"id":12869,"href":"https:\/\/www.sankt-josef-es.de\/wpstes\/wp-json\/wp\/v2\/pages\/401\/revisions\/12869"}],"up":[{"embeddable":true,"href":"https:\/\/www.sankt-josef-es.de\/wpstes\/wp-json\/wp\/v2\/pages\/20"}],"wp:attachment":[{"href":"https:\/\/www.sankt-josef-es.de\/wpstes\/wp-json\/wp\/v2\/media?parent=401"}],"curies":[{"name":"wp","href":"https:\/\/api.w.org\/{rel}","templated":true}]}}