{"id":1930,"date":"2018-05-21T17:51:36","date_gmt":"2018-05-21T15:51:36","guid":{"rendered":"https:\/\/www.sankt-josef-es.de\/wpstes\/?page_id=1930"},"modified":"2026-04-19T19:04:30","modified_gmt":"2026-04-19T17:04:30","slug":"1930-2","status":"publish","type":"page","link":"https:\/\/www.sankt-josef-es.de\/wpstes\/1930-2\/","title":{"rendered":"Datenschutz"},"content":{"rendered":"<p><strong>Allgemeines<\/strong><\/p>\n<p>Wir nehmen den Schutz Ihrer personenbezogenen Daten ernst und beachten die Regeln der anwendbaren Datenschutzgesetze.<br \/>\nWir unterliegen den Datenschutzbestimmungen der Di\u00f6zese Rottenburg-Stuttgart, insbesondere dem Gesetz \u00fcber den Kirchlichen Datenschutz (KDG), der Durchf\u00fchrungsverordnung zum Gesetz \u00fcber den Kirchlichen Datenschutz (KDG-DVO) und den weiteren zur Durchf\u00fchrung des KDG ergangenen Vorschriften. Wir sind sorgf\u00e4ltig bem\u00fcht, das Datengeheimnis m\u00f6glichst umfassend zu wahren.<br \/>\nDiese Datenschutzerkl\u00e4rung gilt f\u00fcr diesen Internetauftritt und f\u00fcr die \u00fcber diesen erhobenen personenbezogenen Daten. F\u00fcr Internetseiten anderer Anbieter, auf die z.B. \u00fcber Links verwiesen wird, gelten die dortigen Datenschutzhinweise und -erkl\u00e4rungen.<br \/>\nEs ist uns wichtig, dass Sie jederzeit wissen, welche personenbezogenen Daten w\u00e4hrend Ihres Besuchs auf unserer Webseite und bei Nutzung unserer Angebote erhoben werden und wie wir sie verwenden.<\/p>\n<p><strong>Umfang, Verarbeitung und Weitergabe personenbezogener Daten<\/strong><\/p>\n<p>Nachfolgend informieren wir Sie \u00fcber die Erhebung personenbezogener Daten bei der Nutzung unserer Internetseite.<\/p>\n<p>Der Begriff \u201epersonenbezogene Daten\u201c meint unter Verweis auf die Definition des \u00a7 4 Nr. 1 KDG alle Daten, die auf Sie pers\u00f6nlich beziehbar sind. Darunter fallen beispielsweise Name, Adresse, E-Mail-Adresse, Nutzerverhalten. Hinsichtlich weiterer Begrifflichkeiten, insbesondere der Begriffe \u201eVerarbeitung\u201c, \u201eVerantwortlicher\u201c, \u201eAuftragsverarbeiter\u201c und \u201eEinwilligung\u201c, verweisen wir auf die gesetzlichen datenschutzrechtlichen Definitionen des \u00a7 4 KDG.<\/p>\n<p>Wir verarbeiten personenbezogene Daten grunds\u00e4tzlich nur, soweit dies zur Bereitstellung einer funktionsf\u00e4higen Webseite sowie der von uns angebotenen Inhalte und Leistungen erforderlich ist. Die Erhebung, Verarbeitung und Verwendung personenbezogener Daten unserer Nutzerinnen und Nutzer erfolgt jedenfalls nur in den vom geltenden Datenschutzrecht gezogenen Grenzen, eine Verarbeitung und Weitergabe personenbezogener Daten zu kommerziellen Zwecken oder f\u00fcr professionelle Adress-Sammlungen erfolgt unsererseits nicht. Eine Adressdatenweitergabe ohne Ihre Einwilligung erfolgt nur in F\u00e4llen, in denen eine vorherige Einholung einer Einwilligung aus tats\u00e4chlichen Gr\u00fcnden nicht m\u00f6glich ist oder die Verarbeitung und Weitergabe der Daten durch gesetzliche Vorschriften gestattet ist.<\/p>\n<p>Die Nutzung unserer Website ist grunds\u00e4tzlich ohne Angabe personenbezogener Daten m\u00f6glich. Sollten auf ihr personenbezogene Daten (beispielsweise Name, Anschrift oder E-Mail-Adressen) erhoben werden, erfolgt dies, soweit m\u00f6glich, auf freiwilliger Basis und im Interesse der wissenschaftlichen Kommunikation.<\/p>\n<p><strong>Rechtsgrundlagen f\u00fcr die Verarbeitung personenbezogener Daten<\/strong><\/p>\n<p>Soweit wir f\u00fcr Verarbeitungsvorg\u00e4nge personenbezogener Daten eine Einwilligung der betroffenen Person einholen, dient \u00a7 6 Abs. 1 lit. b KDG als Rechtsgrundlage f\u00fcr die Verarbeitung personenbezogener Daten. Bei der Verarbeitung von personenbezogenen Daten, die zur Erf\u00fcllung eines Vertrages, dessen Vertragspartei die betroffene Person ist, erforderlich ist, dient \u00a7 6 Abs. 1 lit. c KDG als Rechtsgrundlage. Dies gilt auch f\u00fcr Verarbeitungsvorg\u00e4nge, die zur Durchf\u00fchrung vorvertraglicher Ma\u00dfnahmen erforderlich sind.<br \/>\nSoweit eine Verarbeitung und Weitergabe personenbezogener Daten zur Erf\u00fcllung rechtlicher Verpflichtungen erforderlich ist, denen wir unterliegen, bildet \u00a7 6 Abs. 1 lit. d KDG die Rechtsgrundlage hierf\u00fcr. F\u00fcr den Fall, dass lebenswichtige Interessen der betroffenen Person oder einer anderen nat\u00fcrlichen Person eine Verarbeitung personenbezogener Daten erforderlich machen, bildet \u00a7 6 Abs. 1 lit. e KDG die Rechtsgrundlage.<\/p>\n<p><strong>Datenl\u00f6schung und Speicherdauer<\/strong><\/p>\n<p>Die personenbezogenen Daten von Nutzerinnen und Nutzern unseres Internetauftritts und der Datenbank werden gel\u00f6scht oder gesperrt, sobald der Zweck der Speicherung entf\u00e4llt. Eine Speicherung kann insbesondere dann erfolgen, wenn dies durch den kirchlichen, europ\u00e4ischen oder nationalen Gesetzgeber in kirchlichen, staatlichen oder unionsrechtlichen Rechtsnormen, denen wir unterliegen, vorgesehen ist. Aus ihnen ergibt sich dann auch die Speicherdauer, die wir einzuhalten haben. Eine Sperrung oder L\u00f6schung der Daten erfolgt dann, wenn eine durch die genannten Normen vorgeschriebene Speicherfrist abl\u00e4uft. Soweit Sie in eine l\u00e4ngere Speicherdauer ausdr\u00fccklich eingewilligt haben oder \u00fcber unseren Internetauftritt vertragliche Absprachen erfolgen, die eine l\u00e4ngere Speicherung von Daten vorsehen oder erm\u00f6glichen, ist dies f\u00fcr die Dauer der Datenspeicherung ausschlaggebend.<\/p>\n<p>Soweit wir f\u00fcr einzelne Funktionen unserer Webseite auf beauftragte Dienstleister zur\u00fcckgreifen oder Ihre Daten f\u00fcr werbliche Zwecke nutzen m\u00f6chten, werden wir Sie untenstehend im Detail \u00fcber die jeweiligen Vorg\u00e4nge informieren.<\/p>\n<p><strong>Verantwortliche Stelle<\/strong><\/p>\n<p>Den Verantwortlichen im Sinne des \u00a7 4 Nr. 9 KDG, der sonstigen in den Mitgliedstaaten der Europ\u00e4ischen Union geltenden Datenschutzgesetze und anderer Vorschriften sowie Bestimmungen mit datenschutzrechtlichem Charakter entnehmen Sie bitte dem Impressum dieser Webseite.<\/p>\n<p><strong>Datenschutzbeauftragter<\/strong><\/p>\n<p>Unsere di\u00f6zesane Datenschutzstelle k\u00f6nnen Sie unter der nachfolgenden Adresse erreichen und kontaktieren:<\/p>\n<p>Stabsstelle Datenschutz<br \/>\nEugen-Bolz-Platz 1<br \/>\n72108 Rottenburg am Neckar<br \/>\nTel: <span style=\"text-decoration: underline;\"><em><a href=\"tel:+497472169890\">07472\/169-890<\/a><\/em><\/span><br \/>\nFax: <a href=\"tel:+49747216983890\"><span style=\"text-decoration: underline;\"><em>07472\/169-83890<\/em><\/span><\/a><br \/>\nE-Mail: <a href=\"mailto:datenschutz@bo.drs.de\"><span style=\"text-decoration: underline;\"><em>datenschutz@bo.drs.de<\/em><\/span><\/a><\/p>\n<p>Weiterhin unterliegen wir der Datenschutzaufsicht des katholischen Datenschutzzentrums Frankfurt\/M. Sie k\u00f6nnen sich an diese Stelle wenden, wenn Sie Datenschutzverst\u00f6\u00dfe unsererseits geltend machen oder sich in anderer Hinsicht \u00fcber unser Datenschutzverhalten beschweren wollen. Die Kontaktdaten des Katholischen Datenschutzzentrums Franfurt\/M. lauten folgenderma\u00dfen:<\/p>\n<p>Katholisches Datenschutzzentrum Frankfurt am Main<br \/>\nFrau Ursula Becker-Rathmair<br \/>\nRo\u00dfmarkt 23<br \/>\n60311 Frankfurt am Main<br \/>\nTelefon: <span style=\"text-decoration: underline;\"><em><a href=\"tel:+49695899755%2010\">069 58 99 755 \u2013 10<\/a><\/em><\/span><br \/>\nFax: <span style=\"text-decoration: underline;\"><em><a href=\"tel:+4969589975511\">069 58 99 755 \u2013 11<\/a><\/em><\/span><br \/>\nE-Mail: <span style=\"text-decoration: underline;\"><em><a href=\"mailto:info@kdsz-ffm.de\">info@kdsz-ffm.de<\/a><\/em><\/span><br \/>\nInternet: <span style=\"text-decoration: underline;\"><em><a href=\"https:\/\/www.kath-datenschutzzentrum-ffm.de\/\" target=\"_blank\" rel=\"noopener\">https:\/\/www.kath-datenschutzzentrum-ffm.de\/<\/a><\/em><\/span><\/p>\n<p><strong>Ihre Rechte<\/strong><\/p>\n<p>Sie haben uns gegen\u00fcber hinsichtlich der Sie betreffenden personenbezogenen Daten die nachfolgenden Rechte:<br \/>\n\u2022\u00a0\u00a0 \u00a0Das Recht auf Widerruf von Einwilligungserkl\u00e4rungen \u00a7 8 KDG<br \/>\n\u2022\u00a0\u00a0 \u00a0das Recht auf Auskunft \u00a7 17 KDG,<br \/>\n\u2022\u00a0\u00a0 \u00a0das Recht auf Berichtigung und L\u00f6schung \u00a7\u00a7 18, 19 KDG,<br \/>\n\u2022\u00a0\u00a0 \u00a0das Recht auf Einschr\u00e4nkung der Verarbeitung \u00a7 20 KDG,<br \/>\n\u2022\u00a0\u00a0 \u00a0das Recht auf Unterrichtung der verarbeitenden Stellen \u00a7 21 KDG<br \/>\n\u2022\u00a0\u00a0 \u00a0das Recht auf Daten\u00fcbertragbarkeit \u00a7 22 KDG.<br \/>\n\u2022\u00a0\u00a0 \u00a0das Recht auf Widerspruch gegen die Verarbeitung \u00a7 23 KDG,<\/p>\n<p>Ihre Rechte wollen Sie bitte ggf. unter der im Impressum genannten Adresse geltend machen.<\/p>\n<p>Wenn Sie beim Recht auf Widerspruch (\u00a7 23 KDG) Gebrauch machen, m\u00fcssen wir Sie allerdings bitten, Internetauftritt und Datenbank k\u00fcnftig nicht mehr zu nutzen, da bei jedem Auftritt Nutzerdaten automatisiert erhoben und gespeichert werden und ggf. aus rechtlichen Gr\u00fcnden gespeichert werden m\u00fcssen.<\/p>\n<p>Sie haben zus\u00e4tzlich das Recht, sich bei einer Datenschutz-Aufsichtsbeh\u00f6rde \u00fcber die Verarbeitung Ihrer personenbezogenen Daten durch uns zu beschweren und Verst\u00f6\u00dfe zu melden \u00a7 48 KDG.<\/p>\n<p><strong>Verarbeitung personenbezogener Daten bei informatorischer Nutzung unserer Webseite\u00a0<\/strong><\/p>\n<p>Wenn Sie unsere Webseite aufrufen, ohne sich dabei zu registrieren oder uns auf andere Weise Informationen zukommen zu lassen (\u201eInformatorische Nutzung\u201c) erheben wir nur diejenigen personenbezogenen Daten, die Ihr Webbrowser an unseren Server \u00fcbermittelt. Wenn Sie unsere Webseite betrachten m\u00f6chten, erheben wir die folgenden Daten, die f\u00fcr uns technisch erforderlich sind, um Ihnen die Anzeige unserer Webseite zu erm\u00f6glichen und die Stabilit\u00e4t und Sicherheit zu gew\u00e4hrleisten:<\/p>\n<ul>\n<li>IP-Adresse<\/li>\n<li>Datum und Uhrzeit der Anfrage<\/li>\n<li>\u00a0Zeitzonendifferenz zu GMT<\/li>\n<li>Inhalt der Webseite<\/li>\n<li>\u00a0Zugriffsstatus (HTTP-Status)<\/li>\n<li>\u00fcbertragene Datenmenge<\/li>\n<li>Website, von der Sie auf unsere Website gelangt sind<\/li>\n<li>Webbrowser<\/li>\n<li>Betriebssystem<\/li>\n<li>Sprache und Version des Browsers<\/li>\n<\/ul>\n<p>Die vorgenannten Daten werden ebenfalls in sog. Logfiles auf unseren Servern gespeichert. Nicht hiervon betroffen sind Ihre IP-Adresse oder andere Daten, die eine Zuordnung der Daten zu Ihnen erm\u00f6glichen. Eine Speicherung dieser Daten zusammen mit anderen personenbezogenen Daten von Ihnen findet nicht statt.<\/p>\n<p>Die Erhebung und vor\u00fcbergehende Speicherung der IP-Adresse ist notwendig, um die Auslieferung unserer Webseite auf Ihr Endger\u00e4t zu erm\u00f6glichen. Hierf\u00fcr muss Ihre IP-Adresse f\u00fcr die Dauer des Besuchs unserer Webseite gespeichert werden. Die Speicherung der oben genannten Daten in Logfiles dient der Sicherstellung der Funktionsf\u00e4higkeit und zur Optimierung unserer Webseite sowie zur Sicherstellung der Sicherheit unserer informationstechnischen Systeme. Eine Auswertung dieser Daten zu Marketingzwecken findet nicht statt.<\/p>\n<p>In den vorstehenden Zwecken liegt unser berechtigtes Interesse an der Datenverarbeitung. Rechtsgrundlage f\u00fcr die Erhebung und die vor\u00fcbergehende Speicherung der vorgenannten Daten ist \u00a7 6 Abs. 1 lit. g) KDG.<br \/>\nDie vorstehenden Daten zur Bereitstellung unserer Website werden gel\u00f6scht, wenn die jeweilige Sitzung beendet ist. Eine L\u00f6schung der Daten in Logfiles findet sp\u00e4testens nach sieben Tagen statt. Eine dar\u00fcberhinausgehende Speicherung nehmen wir nur vor, wenn wir zuvor Ihre IP-Adresse gel\u00f6scht oder verfremdet haben und so eine Zuordnung der Daten zu Ihrer Person nicht mehr m\u00f6glich ist. Die Erhebung der vorstehenden Daten zur Bereitstellung unserer Webseite und die Speicherung dieser Daten in Logfiles ist f\u00fcr den Betrieb unserer Website zwingend erforderlich. Es besteht keine Widerspruchsm\u00f6glichkeit.<\/p>\n<div>\n<p><strong>SSL- bzw. TLS-Verschl\u00fcsselung<\/strong><\/p>\n<p>Diese Seite nutzt aus Sicherheitsgr\u00fcnden und zum Schutz der \u00dcbertragung vertraulicher Inhalte, wie zum Beispiel Bestellungen oder Anfragen, die Sie an uns als Seitenbetreiber senden, eine SSL- bzw. TLS-Verschl\u00fcsselung. Eine verschl\u00fcsselte Verbindung erkennen Sie daran, dass die Adresszeile des Browsers von \u201e<a class=\"moz-txt-link-freetext\" href=\"http:\/\/\u201c\">http:\/\/\u201c<\/a> auf \u201e<a class=\"moz-txt-link-freetext\" href=\"https:\/\/\u201c\">https:\/\/\u201c<\/a> wechselt und an dem Schloss-Symbol in Ihrer Browserzeile. Wenn die SSL- bzw. TLS-Verschl\u00fcsselung aktiviert ist, k\u00f6nnen die Daten, die Sie an uns \u00fcbermitteln, nicht von Dritten mitgelesen werden.<\/p>\n<\/div>\n<p><strong>Verarbeitung personenbezogener Daten durch Cookies (Wenn Cookies gesetzt werden)<\/strong><\/p>\n<p>Wir verwenden auf unserer Webseite sog. Cookies. Bei Cookies handelt es sich um kleine Textdateien, die auf dem Speichermedium Ihres Endger\u00e4tes, also beispielsweise auf einer Festplatte, gespeichert werden und durch die uns als Stelle, die den Cookie setzt, bestimmte Informationen zuflie\u00dfen. Cookies k\u00f6nnen keine Programme ausf\u00fchren oder Viren auf Ihr Endger\u00e4t \u00fcbertragen. Diese Webseite verwendet folgende Arten von Cookies, deren Umfang und Funktionsweise nachfolgend erl\u00e4utert werden.<br \/>\nCookies, die Ihrem Webbrowser zugeh\u00f6rig gespeichert werden:<\/p>\n<p><strong>Persistente Cookies:<\/strong> Diese Cookies werden automatisiert nach einer vorgegebenen Dauer gel\u00f6scht, die sich je nach Cookie unterscheiden kann. Diese Cookies k\u00f6nnen Sie in den Einstellungen Ihres Webbrowsers jederzeit l\u00f6schen.<\/p>\n<p>Die Verarbeitung personenbezogener Daten durch die vorstehenden Cookies dient dazu, das Angebot unserer Webseite insgesamt f\u00fcr Sie nutzerfreundlicher und effektiver zu machen. Einige Funktionen unserer Webseite k\u00f6nnen ohne den Einsatz dieser Cookies nicht angeboten werden. Insbesondere erfordern einige Funktionen unserer Webseite es, dass Ihr Webbrowser auch noch nach einem Seitenwechsel identifiziert werden kann. Diejenigen Daten, die durch Cookies verarbeitet werden, die f\u00fcr die Bereitstellung der Funktionen unserer Webseite erforderlich sind, werden nicht zur Erstellung von Nutzerprofilen verwendet. Soweit Cookies zu Analysezwecken eingesetzt werden, dienen diese dazu, die Qualit\u00e4t und Nutzerfreundlichkeit unserer Webseite, ihrer Inhalte und Funktionen zu verbessern. Sie erm\u00f6glichen uns, nachzuvollziehen, wie die Webseite, welche Funktionen und wie oft diese genutzt werden. Dies erm\u00f6glicht uns, unser Angebot fortlaufend zu optimieren.<\/p>\n<p>In den vorstehenden Zwecken liegt unser berechtigtes Interesse an der Datenverarbeitung. Rechtsgrundlage ist \u00a7 6 Abs. 1 lit. g) KDG.<\/p>\n<p>Die vorstehenden Cookies werden auf Ihrem Endger\u00e4t gespeichert und von diesem an unseren Server \u00fcbermittelt. Sie k\u00f6nnen daher die Verarbeitung der Daten und Informationen durch Cookies selbst konfigurieren. Sie k\u00f6nnen in den Einstellungen Ihres Webbrowsers entsprechende Konfigurationen vornehmen, durch die Sie beispielsweise Third-Party-Cookies oder Cookies insgesamt ablehnen k\u00f6nnen. In diesem Zusammenhang m\u00f6chten wir Sie darauf hinweisen, dass Sie dann eventuell nicht alle Funktionen unserer Webseite ordnungsgem\u00e4\u00df nutzen k\u00f6nnen. Dar\u00fcber hinaus empfehlen wir eine regelm\u00e4\u00dfige manuelle L\u00f6schung von Cookies sowie Ihres Browser-Verlaufs.<\/p>\n<p><strong>Weitere Funktionen und Angebote unserer Webseite<\/strong><\/p>\n<p>Neben der vorbeschriebenen informatorischen Nutzung unserer Webseite bieten wir verschiedene Leistungen an, die Sie bei Interesse nutzen k\u00f6nnen. Hierf\u00fcr ist in der Regel die freiwillige Angabe weiterer personenbezogener Daten notwendig. Diese Daten ben\u00f6tigen wir zur Erbringung der jeweiligen Leistung. Es gelten hierf\u00fcr die vorstehenden Grunds\u00e4tze zur Datenverarbeitung.<\/p>\n<p>Zum Teil greifen wir zur Verarbeitung dieser Daten auf externe Dienstleister zur\u00fcck, die von uns sorgf\u00e4ltig ausgew\u00e4hlt und beauftragt wurden. Diese Dienstleister sind an unsere Weisungen gebunden und werden regelm\u00e4\u00dfig von uns kontrolliert. Soweit personenbezogene Daten im Zuge von Leistungen, die wir gemeinsam mit Partnern anbieten, an Dritte weitergegeben werden, k\u00f6nnen Sie n\u00e4here Informationen den nachfolgenden Beschreibungen der einzelnen Leistungen entnehmen. Soweit diese Dritten ihren Sitz in einem Staat au\u00dferhalb des Europ\u00e4ischen Wirtschaftsraumes haben, k\u00f6nnen Sie n\u00e4here Informationen \u00fcber die Folgen dieses Umstands in den nachfolgenden Beschreibungen der einzelnen Leistungen entnehmen.<\/p>\n<p><strong>Kontaktaufnahme<\/strong><\/p>\n<p>Wenn Sie mit uns per E-Mail Kontakt aufnehmen, werden die von Ihnen an uns mit Ihrer E-Mail \u00fcbermittelten personenbezogenen Daten gespeichert.<\/p>\n<p>Die Daten werden ausschlie\u00dflich zur Beantwortung Ihrer Fragen verwendet. Soweit dies nicht explizit in dieser Datenschutzerkl\u00e4rung angegeben ist, erfolgt keine Weitergabe der Daten an Dritte. Zus\u00e4tzlich erfassen wir Ihre IP-Adresse und den Zeitpunkt der Absendung.<\/p>\n<p>Die Verarbeitung der vorstehenden personenbezogenen Daten dient allein zur Bearbeitung Ihrer Anfragen.<\/p>\n<p>Hierin liegt auch unser berechtigtes Interesse an der Verarbeitung Ihrer personenbezogenen Daten. Soweit Sie uns hierf\u00fcr eine Einwilligung erteilt haben, ist Rechtsgrundlage f\u00fcr die Verarbeitung dieser Daten \u00a7 6 Abs. I lit. b) KDG. Im \u00dcbrigen ist Rechtsgrundlage f\u00fcr die Verarbeitung dieser Daten \u00a7 6 Abs. I lit. g) KDG, insbesondere f\u00fcr den Fall, dass uns die Daten von Ihnen durch \u00dcbersendung einer E-Mail \u00fcbermittelt werden. Soweit Sie durch Ihre E-Mail auf den Abschluss eines Vertrages hinwirken wollen, stellt \u00a7 6 Abs. I lit. c) KDG eine zus\u00e4tzliche Rechtsgrundlage dar.<\/p>\n<p>Die Daten werden vorbehaltlich gesetzlicher Aufbewahrungsfristen gel\u00f6scht, sobald wir Ihre Anfrage abschlie\u00dfend bearbeitet haben. Bei einer Kontaktaufnahme per E-Mail k\u00f6nnen Sie der Speicherung Ihrer personenbezogenen Daten jederzeit widersprechen. Wir weisen Sie darauf hin, dass in diesem Fall Ihre Anfrage nicht weiterbearbeitet werden kann. Den Widerruf oder den Widerspruch k\u00f6nnen Sie durch \u00dcbersendung einer E-Mail an unsere im Impressum angegebene E-Mail-Adresse erkl\u00e4ren.<\/p>\n<p><strong>Google Web Fonts (lokales Hosting)<\/strong><\/p>\n<p>Diese Seite nutzt zur einheitlichen Darstellung von Schriftarten so genannte Web Fonts, die von Google bereitgestellt werden. Die Google Fonts sind lokal installiert. Eine Verbindung zu Servern von Google findet dabei nicht statt.<br \/>\nWeitere Informationen zu Google Web Fonts finden Sie unter <a class=\"moz-txt-link-freetext\" href=\"https:\/\/developers.google.com\/fonts\/faq\">https:\/\/developers.google.com\/fonts\/faq<\/a> und in der Datenschutzerkl\u00e4rung von Google: <a class=\"moz-txt-link-freetext\" href=\"https:\/\/policies.google.com\/privacy?hl=de\">https:\/\/policies.google.com\/privacy?hl=de<\/a>.<\/p>\n<p><strong>YouTube<\/strong><\/p>\n<p>Auf den Webseiten unserer Internetpr\u00e4senz binden wir Videos von \u201eYoutube\u201c, einer Social-Media-Plattform der Google Ireland Limited, Google Building Gordon House, Barrow St, Dublin 4, Irland (nachfolgend bezeichnet als \u201eGoogle\u201c) ein (&#8222;Livestream aus dem M\u00fcnster St. Paul&#8220;). Beim Aufruf einer Webseite, in die ein Video von Youtube eingebunden ist, werden Daten an einen Server von Google in den USA \u00fcbertragen und dort gespeichert. Wenn Sie \u00fcber ein Nutzerkonto bei Google verf\u00fcgen und registriert sind, kann Google dadurch den Besuch Ihrem Nutzerkonto zuordnen. Google speichert diese Daten als Nutzungsprofile und nutzt diese f\u00fcr Zwecke der Werbung, Marktforschung und\/oder bedarfsgerechten Gestaltung seiner Webseiten. Eine solche Auswertung erfolgt insbesondere (auch f\u00fcr nicht eingeloggte Nutzer) zur Darstellung von bedarfsgerechter Werbung und um andere Nutzer des sozialen Netzwerks \u00fcber Ihre Aktivit\u00e4ten auf unserem Internetauftritt zu informieren. Ihnen steht ein Widerspruchsrecht zu gegen die Bildung dieser Nutzerprofile. Bitte wenden Sie sich hierzu direkt an Google.<br \/>\nWir binden Inhalte von Youtube auf den Webseiten unserer Internetpr\u00e4senz ein, um Ihnen diese Inhalte unmittelbar verf\u00fcgbar zu machen, ohne dass Sie die Inhalte gesondert auf Youtube abrufen m\u00fcssen. Dadurch k\u00f6nnen Sie Funktionen der Social-Media-Plattform Youtube bereits auf unserem Internetauftritt nutzen. Die erlaubt uns, unser Angebot sowie das Nutzungserlebnis f\u00fcr Sie zu verbessern und interessanter auszugestalten. Hierin liegt auch unser berechtigtes Interesse an der Verarbeitung der vorstehenden Daten durch den Drittanbieter. Rechtsgrundlage ist \u00a76 Abs. I lit. g) KDG.<\/p>\n<p>Wenn Sie eine Datenweitergabe verhindern wollen, k\u00f6nnen Sie die Funktionen von Youtube nicht verwenden. Ungeachtet dessen empfehlen wir Ihnen, sich nach der Nutzung eines sozialen Netzwerks regelm\u00e4\u00dfig aus Ihrem dortigen Nutzerkonto abzumelden, insbesondere jedoch vor Aktivierung eingebundener Inhalte, da Sie so eine Zuordnung zu Ihrem Profil bei dem jeweiligen Anbieter vermeiden k\u00f6nnen.<\/p>\n<p>Informationen des Drittanbieters: Google Ireland Limited, Google Building Gordon House, Barrow St, Dublin 4, Irland<\/p>\n<p>Weitere Informationen zum Datenschutz und zur Datennutzung durch Google k\u00f6nnen Sie der nachfolgenden Webseite von Google entnehmen: <a href=\"http:\/\/www.google.de\/intl\/de\/policies\/privacy\">www.google.de\/intl\/de\/policies\/privacy<\/a><\/p>\n<div>\n<p id=\"anker15126095\" class=\"basecontent-sub-heading\"><strong>Verwendung des Analyse-Tools Independent Analytics<\/strong><\/p>\n<p><span class=\"align-justify\">Unsere Webseite benutzt Independent Analytics (<span style=\"text-decoration: underline;\"><em><a href=\"https:\/\/independentwp.com\" target=\"_blank\" rel=\"noopener\">https:\/\/independentwp.com<\/a><\/em><\/span>), eine Open-Source-Software zur Analyse der Besucherzugriffe auf die eigene Webseite.<\/span><\/p>\n<p>Independent Analytics nutzt keine Cookies und trackt keine pers\u00f6nliche Daten. Die Besucherzugriffe werden in der eigenen Datenbank gespeichert und an keinen weiteren Server weitergegeben.<\/p>\n<\/div>\n<p>&nbsp;<\/p>\n","protected":false},"excerpt":{"rendered":"<p>Allgemeines Wir nehmen den Schutz Ihrer personenbezogenen Daten ernst und beachten die Regeln der anwendbaren Datenschutzgesetze. Wir unterliegen den Datenschutzbestimmungen der Di\u00f6zese Rottenburg-Stuttgart, insbesondere dem Gesetz \u00fcber den Kirchlichen Datenschutz (KDG), der Durchf\u00fchrungsverordnung zum Gesetz \u00fcber den Kirchlichen Datenschutz (KDG-DVO)<\/p>\n","protected":false},"author":2,"featured_media":0,"parent":0,"menu_order":0,"comment_status":"closed","ping_status":"closed","template":"","meta":{"_acf_changed":false,"iawp_total_views":0,"footnotes":""},"class_list":["post-1930","page","type-page","status-publish","hentry"],"acf":[],"publishpress_future_action":{"enabled":false,"date":"2026-05-21 22:48:05","action":"change-status","newStatus":"draft","terms":[],"taxonomy":"","extraData":[]},"publishpress_future_workflow_manual_trigger":{"enabledWorkflows":[]},"_links":{"self":[{"href":"https:\/\/www.sankt-josef-es.de\/wpstes\/wp-json\/wp\/v2\/pages\/1930","targetHints":{"allow":["GET"]}}],"collection":[{"href":"https:\/\/www.sankt-josef-es.de\/wpstes\/wp-json\/wp\/v2\/pages"}],"about":[{"href":"https:\/\/www.sankt-josef-es.de\/wpstes\/wp-json\/wp\/v2\/types\/page"}],"author":[{"embeddable":true,"href":"https:\/\/www.sankt-josef-es.de\/wpstes\/wp-json\/wp\/v2\/users\/2"}],"replies":[{"embeddable":true,"href":"https:\/\/www.sankt-josef-es.de\/wpstes\/wp-json\/wp\/v2\/comments?post=1930"}],"version-history":[{"count":15,"href":"https:\/\/www.sankt-josef-es.de\/wpstes\/wp-json\/wp\/v2\/pages\/1930\/revisions"}],"predecessor-version":[{"id":13350,"href":"https:\/\/www.sankt-josef-es.de\/wpstes\/wp-json\/wp\/v2\/pages\/1930\/revisions\/13350"}],"wp:attachment":[{"href":"https:\/\/www.sankt-josef-es.de\/wpstes\/wp-json\/wp\/v2\/media?parent=1930"}],"curies":[{"name":"wp","href":"https:\/\/api.w.org\/{rel}","templated":true}]}}