{"id":144,"date":"2016-06-09T20:36:49","date_gmt":"2016-06-09T18:36:49","guid":{"rendered":"http:\/\/www.sankt-josef-es.de\/wpstes\/?page_id=144"},"modified":"2026-04-12T17:49:04","modified_gmt":"2026-04-12T15:49:04","slug":"oekumenischer-familienkreis","status":"publish","type":"page","link":"https:\/\/www.sankt-josef-es.de\/wpstes\/aktive-gemeinde\/erwachsene-und-senioren\/familienkreise\/oekumenischer-familienkreis\/","title":{"rendered":"\u00d6kumenischer Familienkreis"},"content":{"rendered":"<p>Der \u00f6kumenische Familienkreis in St. Josef trifft sich seit 2004.<br \/>\nDie Kinder der 12 Familien sind zwischen 1999 und 2010 geboren.<br \/>\nWir treffen uns alle 6 Wochen zu gemeinsamen Kaffeetrinken, Ausfl\u00fcgen, Austausch, Spielen,&#8230; Highlight ist jedes Jahr das gemeinsame Familienkreiswochenende.<\/p>\n<p>Kontaktm\u00f6glichkeit \u00fcber das Pfarrb\u00fcro.<\/p>\n","protected":false},"excerpt":{"rendered":"<p>Der \u00f6kumenische Familienkreis in St. Josef trifft sich seit 2004. Die Kinder der 12 Familien sind zwischen 1999 und 2010 geboren. Wir treffen uns alle 6 Wochen zu gemeinsamen Kaffeetrinken, Ausfl\u00fcgen, Austausch, Spielen,&#8230; Highlight ist jedes Jahr das gemeinsame Familienkreiswochenende.<\/p>\n","protected":false},"author":1,"featured_media":0,"parent":303,"menu_order":0,"comment_status":"closed","ping_status":"closed","template":"","meta":{"_acf_changed":false,"footnotes":""},"class_list":["post-144","page","type-page","status-publish","hentry"],"acf":[],"publishpress_future_action":{"enabled":false,"date":"2026-04-26 12:42:05","action":"change-status","newStatus":"draft","terms":[],"taxonomy":"","extraData":[]},"publishpress_future_workflow_manual_trigger":{"enabledWorkflows":[]},"_links":{"self":[{"href":"https:\/\/www.sankt-josef-es.de\/wpstes\/wp-json\/wp\/v2\/pages\/144","targetHints":{"allow":["GET"]}}],"collection":[{"href":"https:\/\/www.sankt-josef-es.de\/wpstes\/wp-json\/wp\/v2\/pages"}],"about":[{"href":"https:\/\/www.sankt-josef-es.de\/wpstes\/wp-json\/wp\/v2\/types\/page"}],"author":[{"embeddable":true,"href":"https:\/\/www.sankt-josef-es.de\/wpstes\/wp-json\/wp\/v2\/users\/1"}],"replies":[{"embeddable":true,"href":"https:\/\/www.sankt-josef-es.de\/wpstes\/wp-json\/wp\/v2\/comments?post=144"}],"version-history":[{"count":4,"href":"https:\/\/www.sankt-josef-es.de\/wpstes\/wp-json\/wp\/v2\/pages\/144\/revisions"}],"predecessor-version":[{"id":13178,"href":"https:\/\/www.sankt-josef-es.de\/wpstes\/wp-json\/wp\/v2\/pages\/144\/revisions\/13178"}],"up":[{"embeddable":true,"href":"https:\/\/www.sankt-josef-es.de\/wpstes\/wp-json\/wp\/v2\/pages\/303"}],"wp:attachment":[{"href":"https:\/\/www.sankt-josef-es.de\/wpstes\/wp-json\/wp\/v2\/media?parent=144"}],"curies":[{"name":"wp","href":"https:\/\/api.w.org\/{rel}","templated":true}]}}