{"id":11596,"date":"2025-06-19T20:24:04","date_gmt":"2025-06-19T18:24:04","guid":{"rendered":"https:\/\/www.sankt-josef-es.de\/wpstes\/?page_id=11596"},"modified":"2025-08-31T17:24:10","modified_gmt":"2025-08-31T15:24:10","slug":"osterkerze","status":"publish","type":"page","link":"https:\/\/www.sankt-josef-es.de\/wpstes\/wir-ueber-uns\/kirche\/osterkerze\/","title":{"rendered":"Osterkerze"},"content":{"rendered":"<div class=\"container_dwnl_osterkerze\">\n<h2>Begleithefte zu unseren Osterkerzen<\/h2>\n<p>J\u00e4hrlich wird die Osterkerze von den Mitgliedern unserer Gemeinde gestaltet. Hier finden Sie die Begleithefte zur jeweiligen Osterkerze, mit Bildern der Kerze und der einzelnen gestalteten Teilen sowie Erkl\u00e4rungen dazu:<br \/>\n<span class=\"hinw_osterkerze\">(Zum Vergr\u00f6\u00dfern bitte auf das Bild klicken. Zum Begleitheft bitte auf die \u00dcberschrift klicken.)<\/span><\/p>\n<ul class=\"dlm-downloads\"><li>\n<div class=\"row_osterkerze\">\n  <div class=\"bild_osterkerze\">\n    <a href=\"https:\/\/www.sankt-josef-es.de\/wpstes\/wp-content\/uploads\/Kirche\/Osterkerze\/2026.png\"><img decoding=\"async\" src=\"https:\/\/www.sankt-josef-es.de\/wpstes\/wp-content\/uploads\/Kirche\/Osterkerze\/2026.png\"><\/a>\n  <\/div>\n\n  <div class=\"text_osterkerze\">\n    <div class=\"title_osterkerze\">\n      <a class=\"download-link\" title=\"\" href=\"https:\/\/www.sankt-josef-es.de\/wpstes\/download\/13011\/?tmstv=1776305840\" rel=\"nofollow\">\n      Begleitheft zur Osterkerze 2026      <\/a>\n    <\/div>\n  <div class=\"desc_osterkerze\">\n    <p>Wo ich auch stehe, du warst schon da<br \/>Wenn ich auch fliehe, du bist mir nah<br \/>Was ich auch denke, du wei\u00dft es schon<br \/>Was ich auch f\u00fchle, du wirst verstehn<\/p>\n<p>Und ich danke dir, dass du mich kennst und trotzdem liebst<br \/>Und dass du mich beim Namen nennst und mir vergibst<br \/>Herr, du richtest mich wieder auf<br \/>Und du hebst mich zu dir hinauf<br \/>Ich danke dir, dass du mich kennst und trotzdem liebst<\/p>\n<p>Du kennst mein Herz, die Sehnsucht in mir<br \/>Als wahrer Gott und Mensch warst du hier<br \/>In allem uns gleich und doch ohne Schuld<br \/>Du bist barmherzig, voller Geduld<\/p>\n<p>Und ich danke dir, dass du mich kennst und wirklich liebst<br \/>Und dass du mich beim Namen nennst und mir vergibst<\/p>\n<p>Herr, du richtest mich wieder auf<br \/>Und du hebst mich zu dir hinauf<br \/>Ich danke dir, dass du mich kennst und wirklich liebst<br \/>Ich danke dir, dass du mich kennst und wirklich liebst<\/p>\n<p>Du nennst mich beim Namen<br \/>Und du hebst mich zu dir hinauf, du hebst mich zu dir hinauf<br \/>Du liebst mich, du liebst mich<br \/>Ich danke dir, dass du mich kennst und wirklich liebst<br \/>Und dass du mich beim Namen nennst und mir vergibst<br \/>Herr, du richtest mich wieder auf<br \/>Und du hebst mich zu dir hinauf<br \/>Ich danke dir, dass du mich kennst und wirklich liebst<br \/>Wo ich auch stehe, du bist schon da<br \/>(Albert Frey)<\/p>\n<p>Zu diesem Lied haben sich Mitglieder unserer Gemeinde Gedanken gemacht, wo Gott f\u00fcr sie da ist und sie aufrichtet und beim Namen nennt.<\/p>\n<p>Sie sind eingeladen, diese Kerze zu entdecken und sich zum Nachdenken anregen zu lassen.<\/p>\n<p>All denen, die ihre Gedanken und ihre Kreativit\u00e4t eingebracht haben, ganz herzlichen Dank.<\/p>\n<p>Das Ergebnis zeigt wieder die gro\u00dfe Vielfalt der Gemeinde und es ist sch\u00f6n, dass sich jedes Jahr Gro\u00df und Klein an der Kerze beteiligen!<\/p>\n  <\/div>\n<\/div>\n<\/li><li>\n<div class=\"row_osterkerze\">\n  <div class=\"bild_osterkerze\">\n    <a href=\"https:\/\/www.sankt-josef-es.de\/wpstes\/wp-content\/uploads\/Kirche\/Osterkerze\/2025.jpg\"><img decoding=\"async\" src=\"https:\/\/www.sankt-josef-es.de\/wpstes\/wp-content\/uploads\/Kirche\/Osterkerze\/2025.jpg\"><\/a>\n  <\/div>\n\n  <div class=\"text_osterkerze\">\n    <div class=\"title_osterkerze\">\n      <a class=\"download-link\" title=\"\" href=\"https:\/\/www.sankt-josef-es.de\/wpstes\/download\/11274\/?tmstv=1776305840\" rel=\"nofollow\">\n      Begleitheft zur Osterkerze 2025      <\/a>\n    <\/div>\n  <div class=\"desc_osterkerze\">\n    <p><strong>\"Liebe ist nicht nur ein Wort\"<\/strong><\/p>\n<p>Liebe ist nicht nur ein Wort<br \/>Liebe, das sind Worte und Taten<br \/>Als Zeichen der Liebe ist Jesus geboren<br \/>Als Zeichen der Liebe f\u00fcr diese Welt<br \/>Freiheit ist nicht nur ein Wort<br \/>Freiheit, das sind Worte und Taten<br \/>Als Zeichen der Freiheit ist Jesus gestorben<br \/>Als Zeichen der Freiheit f\u00fcr diese Welt<br \/>Hoffnung ist nicht nur ein Wort<br \/>Hoffnung, das sind Worte und Taten<br \/>Als Zeichen der Hoffnung ist Jesus lebendig<br \/>Als Zeichen der Hoffnung f\u00fcr diese Welt<\/p>\n<p>Zu diesem Lied haben sich Mitglieder unserer Gemeinde Gedanken<br \/>gemacht, wo sich f\u00fcr sie Himmel und Erde ber\u00fchren.<\/p>\n<p>Sie sind eingeladen, diese Kerze zu entdecken und sich zum<br \/>Nachdenken anregen zu lassen.<\/p>\n<p>All denen, die ihre Gedanken und<br \/>ihre Kreativit\u00e4t eingebracht haben, ganz herzlichen Dank.<\/p>\n<p>Das Ergebnis zeigt wieder die gro\u00dfe Vielfalt der Gemeinde und es ist<br \/>sch\u00f6n, dass sich jedes Jahr Gro\u00df und Klein an der Kerze beteiligen!<\/p>\n  <\/div>\n<\/div>\n<\/li><li>\n<div class=\"row_osterkerze\">\n  <div class=\"bild_osterkerze\">\n    <a href=\"https:\/\/www.sankt-josef-es.de\/wpstes\/wp-content\/uploads\/Kirche\/Osterkerze\/2024.jpg\"><img decoding=\"async\" src=\"https:\/\/www.sankt-josef-es.de\/wpstes\/wp-content\/uploads\/Kirche\/Osterkerze\/2024.jpg\"><\/a>\n  <\/div>\n\n  <div class=\"text_osterkerze\">\n    <div class=\"title_osterkerze\">\n      <a class=\"download-link\" title=\"\" href=\"https:\/\/www.sankt-josef-es.de\/wpstes\/download\/10243\/?tmstv=1776305840\" rel=\"nofollow\">\n      Begleitheft zur Osterkerze 2024      <\/a>\n    <\/div>\n  <div class=\"desc_osterkerze\">\n    <p><strong>\u201eWagt Euch zu den Ufern\u201c<\/strong><\/p>\n<p>Du bist das Feuer, das den Dornbusch nicht verbrennt.<br \/>Du bist die Stimme, die uns beim Namen nennt.<br \/>Du bist der, der das Meer zerteilt,<br \/>und sch\u00fctzend uns umgibt,<br \/>unsere Hoffnung siegt im Bund mit dir!<\/p>\n<p>Wagt euch zu den Ufern, stellt euch gegen den Strom,<br \/>brecht aus euren Bahnen, vergebt ohne Zorn,<br \/>geht auf Gottes Spuren, geht, beginnt von vorn!<br \/>Wagt euch zu den Ufern, stellt euch gegen den Strom.<\/p>\n<p>Diese Lied war das Motto unserer diesj\u00e4hrigen Osterkerze.<\/p>\n<p>All denen, die ihre Gedanken und ihre Kreativit\u00e4t eingebracht haben, ganz herzlichen Dank. Das Ergebnis zeigt wieder die gro\u00dfe Vielfalt der Gemeinde und es ist sch\u00f6n, dass sich jedes Jahr Gro\u00df und Klein an der Kerze beteiligen!<\/p>\n  <\/div>\n<\/div>\n<\/li><li>\n<div class=\"row_osterkerze\">\n  <div class=\"bild_osterkerze\">\n    <a href=\"https:\/\/www.sankt-josef-es.de\/wpstes\/wp-content\/uploads\/Kirche\/Osterkerze\/2023.jpg\"><img decoding=\"async\" src=\"https:\/\/www.sankt-josef-es.de\/wpstes\/wp-content\/uploads\/Kirche\/Osterkerze\/2023.jpg\"><\/a>\n  <\/div>\n\n  <div class=\"text_osterkerze\">\n    <div class=\"title_osterkerze\">\n      <a class=\"download-link\" title=\"\" href=\"https:\/\/www.sankt-josef-es.de\/wpstes\/download\/10245\/?tmstv=1776305840\" rel=\"nofollow\">\n      Begleitheft zur Osterkerze 2023      <\/a>\n    <\/div>\n  <div class=\"desc_osterkerze\">\n    <p><strong>\u201eWo Menschen sich<\/strong><br \/><strong>vergessen\u201c<\/strong><\/p>\n<p>Wo Menschen sich vergessen, die Wege verlassen,<br \/>und neu beginnen, ganz neu,<br \/>da ber\u00fchren sich Himmel und Erde,<br \/>dass Friede werde unter uns,<br \/>da ber\u00fchren sich Himmel und Erde,<br \/>dass Friede werde unter uns.<\/p>\n<p>Zu diesem Lied haben sich Mitglieder unserer Gemeinde Gedanken gemacht, wo sich f\u00fcr sie Himmel und Erde ber\u00fchren. Sie sind eingeladen, diese Kerze zu entdecken und sich zum Nachdenken anregen zu lassen.<\/p>\n  <\/div>\n<\/div>\n<\/li><li>\n<div class=\"row_osterkerze\">\n  <div class=\"bild_osterkerze\">\n    <a href=\"https:\/\/www.sankt-josef-es.de\/wpstes\/wp-content\/uploads\/Kirche\/Osterkerze\/2022.jpg\"><img decoding=\"async\" src=\"https:\/\/www.sankt-josef-es.de\/wpstes\/wp-content\/uploads\/Kirche\/Osterkerze\/2022.jpg\"><\/a>\n  <\/div>\n\n  <div class=\"text_osterkerze\">\n    <div class=\"title_osterkerze\">\n      <a class=\"download-link\" title=\"\" href=\"https:\/\/www.sankt-josef-es.de\/wpstes\/download\/7879\/?tmstv=1776305840\" rel=\"nofollow\">\n      Begleitheft zur Osterkerze 2022      <\/a>\n    <\/div>\n  <div class=\"desc_osterkerze\">\n    <p><strong>Gott ist der ICH BIN DA<\/strong><br \/><strong>Zu ihm d\u00fcrfen wir unser ganzes Sein <\/strong><strong>bringen \u2013<\/strong><br \/><strong>Das Dunkle \u2013 unsere Sorgen, N\u00f6te,<\/strong> <strong>\u00c4ngste, <\/strong><strong>alle Wut, alles Versagen, <br \/><\/strong><strong>aber auch das Helle \u2013 <\/strong><strong>unsere Hoffnung, W\u00fcnsche, Bitten, <\/strong><strong>alles, was uns gelingt, <br \/>unseren <\/strong><strong>Neubeginn, Freude, <\/strong><strong>Hilfe f\u00fcr Andere.<br \/><\/strong>Mit diesem Text haben sich Mitglieder unserer Gemeinde in der Wortgottesfeier am 20. M\u00e4rz 2022 besch\u00e4ftigt.<br \/>All die Dunkelheiten in unserem Leben und aber auch die sch\u00f6nen Dinge haben die Gottesdienstbesucher symbolisch mit hellem und dunklem Wachs zum Kreuz gebracht.<\/p>\n  <\/div>\n<\/div>\n<\/li><\/ul><nav class=\"download-monitor-pagination\">\n\t<ul class='page-numbers'>\n\t<li><span aria-current=\"page\" class=\"page-numbers current\">1<\/span><\/li>\n\t<li><a class=\"page-numbers\" href=\"https:\/\/www.sankt-josef-es.de\/wpstes\/wp-json\/wp\/v2\/pages\/11596\/page\/2\/\">2<\/a><\/li>\n\t<li><a class=\"page-numbers\" href=\"https:\/\/www.sankt-josef-es.de\/wpstes\/wp-json\/wp\/v2\/pages\/11596\/page\/3\/\">3<\/a><\/li>\n\t<li><a class=\"next page-numbers\" href=\"https:\/\/www.sankt-josef-es.de\/wpstes\/wp-json\/wp\/v2\/pages\/11596\/page\/2\/\">&rarr;<\/a><\/li>\n<\/ul>\n<\/nav>\n\n\t\t\t\t\n<\/div>\n","protected":false},"excerpt":{"rendered":"<p>Begleithefte zu unseren Osterkerzen J\u00e4hrlich wird die Osterkerze von den Mitgliedern unserer Gemeinde gestaltet. Hier finden Sie die Begleithefte zur jeweiligen Osterkerze, mit Bildern der Kerze und der einzelnen gestalteten Teilen sowie Erkl\u00e4rungen dazu: (Zum Vergr\u00f6\u00dfern bitte auf das Bild<\/p>\n","protected":false},"author":2,"featured_media":0,"parent":366,"menu_order":0,"comment_status":"closed","ping_status":"closed","template":"","meta":{"_acf_changed":false,"footnotes":""},"class_list":["post-11596","page","type-page","status-publish","hentry"],"acf":[],"publishpress_future_action":{"enabled":false,"date":"2026-04-23 04:17:20","action":"change-status","newStatus":"draft","terms":[],"taxonomy":"","extraData":[]},"publishpress_future_workflow_manual_trigger":{"enabledWorkflows":[]},"_links":{"self":[{"href":"https:\/\/www.sankt-josef-es.de\/wpstes\/wp-json\/wp\/v2\/pages\/11596","targetHints":{"allow":["GET"]}}],"collection":[{"href":"https:\/\/www.sankt-josef-es.de\/wpstes\/wp-json\/wp\/v2\/pages"}],"about":[{"href":"https:\/\/www.sankt-josef-es.de\/wpstes\/wp-json\/wp\/v2\/types\/page"}],"author":[{"embeddable":true,"href":"https:\/\/www.sankt-josef-es.de\/wpstes\/wp-json\/wp\/v2\/users\/2"}],"replies":[{"embeddable":true,"href":"https:\/\/www.sankt-josef-es.de\/wpstes\/wp-json\/wp\/v2\/comments?post=11596"}],"version-history":[{"count":7,"href":"https:\/\/www.sankt-josef-es.de\/wpstes\/wp-json\/wp\/v2\/pages\/11596\/revisions"}],"predecessor-version":[{"id":11606,"href":"https:\/\/www.sankt-josef-es.de\/wpstes\/wp-json\/wp\/v2\/pages\/11596\/revisions\/11606"}],"up":[{"embeddable":true,"href":"https:\/\/www.sankt-josef-es.de\/wpstes\/wp-json\/wp\/v2\/pages\/366"}],"wp:attachment":[{"href":"https:\/\/www.sankt-josef-es.de\/wpstes\/wp-json\/wp\/v2\/media?parent=11596"}],"curies":[{"name":"wp","href":"https:\/\/api.w.org\/{rel}","templated":true}]}}