{"id":102,"date":"2016-02-19T22:22:45","date_gmt":"2016-02-19T21:22:45","guid":{"rendered":"http:\/\/www.sankt-josef-es.de\/wpstes\/?page_id=102"},"modified":"2025-06-07T18:09:22","modified_gmt":"2025-06-07T16:09:22","slug":"pastorales-team-der-seelsorgeeinheit-esslingen","status":"publish","type":"page","link":"https:\/\/www.sankt-josef-es.de\/wpstes\/kontakt\/ansprechpartner\/pastorales-team-der-seelsorgeeinheit-esslingen\/","title":{"rendered":"Pastorales Team der Seelsorgeeinheit Esslingen"},"content":{"rendered":"<p>Ihr Seelsorgerteam in der Katholischen Gesamtkirchengemeinde Esslingen Hier stellen sich die Seelsorgerinnen und Seelsorger vor, die in den katholischen Kirchengemeinden Esslingens t\u00e4tig sind:<\/p>\r\n<p><!-- \/wp:post-content --><\/p>\r\n<p><!-- wp:image {\"id\":3014} --><\/p>\r\n<p><!-- \/wp:image --><\/p>\r\n<p>Wenn Sie mit einer\/-m der Seelsorger\/-innen Kontakt aufnehmen wollen: Unsere Pfarrsekret\u00e4rinnen informieren Sie gerne \u00fcber die Telefonnummern oder Mailadressen. Melden Sie sich im Pfarrb\u00fcro \u2013 Wir freuen uns auf die Begegnung mit Ihnen !<\/p>\r\n<p><span style=\"font-size: 11pt;\">(Zum Vergr\u00f6\u00dfern bitte Bild anklicken)<\/span><\/p>\r\n<p><a href=\"https:\/\/www.sankt-josef-es.de\/wpstes\/wp-content\/uploads\/Haupamtliche\/Pastoralteam.jpg\" target=\"_blank\" rel=\"noopener\"><img loading=\"lazy\" decoding=\"async\" class=\"alignnone\" src=\"https:\/\/www.sankt-josef-es.de\/wpstes\/wp-content\/uploads\/Haupamtliche\/Pastoralteam.jpg\" alt=\"\" width=\"1653\" height=\"1169\" \/><\/a><\/p>","protected":false},"excerpt":{"rendered":"<p>Ihr Seelsorgerteam in der Katholischen Gesamtkirchengemeinde Esslingen Hier stellen sich die Seelsorgerinnen und Seelsorger vor, die in den katholischen Kirchengemeinden Esslingens t\u00e4tig sind: Wenn Sie mit einer\/-m der Seelsorger\/-innen Kontakt aufnehmen wollen: Unsere Pfarrsekret\u00e4rinnen informieren Sie gerne \u00fcber die Telefonnummern<\/p>\n","protected":false},"author":1,"featured_media":0,"parent":62,"menu_order":0,"comment_status":"closed","ping_status":"closed","template":"","meta":{"_acf_changed":false,"iawp_total_views":0,"footnotes":""},"class_list":["post-102","page","type-page","status-publish","hentry"],"acf":[],"publishpress_future_action":{"enabled":false,"date":"2026-05-20 13:12:40","action":"change-status","newStatus":"draft","terms":[],"taxonomy":"","extraData":[]},"publishpress_future_workflow_manual_trigger":{"enabledWorkflows":[]},"_links":{"self":[{"href":"https:\/\/www.sankt-josef-es.de\/wpstes\/wp-json\/wp\/v2\/pages\/102","targetHints":{"allow":["GET"]}}],"collection":[{"href":"https:\/\/www.sankt-josef-es.de\/wpstes\/wp-json\/wp\/v2\/pages"}],"about":[{"href":"https:\/\/www.sankt-josef-es.de\/wpstes\/wp-json\/wp\/v2\/types\/page"}],"author":[{"embeddable":true,"href":"https:\/\/www.sankt-josef-es.de\/wpstes\/wp-json\/wp\/v2\/users\/1"}],"replies":[{"embeddable":true,"href":"https:\/\/www.sankt-josef-es.de\/wpstes\/wp-json\/wp\/v2\/comments?post=102"}],"version-history":[{"count":15,"href":"https:\/\/www.sankt-josef-es.de\/wpstes\/wp-json\/wp\/v2\/pages\/102\/revisions"}],"predecessor-version":[{"id":11501,"href":"https:\/\/www.sankt-josef-es.de\/wpstes\/wp-json\/wp\/v2\/pages\/102\/revisions\/11501"}],"up":[{"embeddable":true,"href":"https:\/\/www.sankt-josef-es.de\/wpstes\/wp-json\/wp\/v2\/pages\/62"}],"wp:attachment":[{"href":"https:\/\/www.sankt-josef-es.de\/wpstes\/wp-json\/wp\/v2\/media?parent=102"}],"curies":[{"name":"wp","href":"https:\/\/api.w.org\/{rel}","templated":true}]}}